{"id":315,"date":"2016-08-30T13:41:24","date_gmt":"2016-08-30T13:41:24","guid":{"rendered":"http:\/\/mobile2011.org\/conference-experience-mobile\/"},"modified":"2016-08-30T13:41:24","modified_gmt":"2016-08-30T13:41:24","slug":"conference-experience-mobile","status":"publish","type":"page","link":"https:\/\/mobile2011.org\/fr\/conference-experience-mobile\/","title":{"rendered":"Conf\u00e9rence Experience Mobile"},"content":{"rendered":"<div class=\"pbs-main-wrapper\"><h2 style=\"text-align: justify;\">Exp\u00e9rience d&rsquo;apprentissage mobile 2011<\/h2>\n<p style=\"text-align: justify;\"><span class=\"orange\">D\u00c9COUVREZ LES DERNI\u00c8RES NOUVEAUT\u00c9S EN MATI\u00c8RE D&rsquo;ENSEIGNEMENT, D&rsquo;APPRENTISSAGE ET D&rsquo;INFORMATIQUE MOBILE.<\/span><br \/>\nVous \u00eates int\u00e9ress\u00e9 par les iPods, les iPads, les netbooks, les ordinateurs portables et les t\u00e9l\u00e9phones ? La technologie mobile au service de l&rsquo;enseignement et de l&rsquo;apprentissage vous int\u00e9resse ? Vous souhaitez entrer en contact avec d&rsquo;autres \u00e9ducateurs et tirer parti de leurs r\u00e9ussites et de leurs difficult\u00e9s ? Alors rejoignez-nous \u00e0 la Mobile Learning Experience :<\/p>\n<p><center><\/p>\n<hr>\n<p><strong><sup>6 Avril :<\/sup><\/strong> 13:00-19:30 ;<br \/>\n<strong><sup>7 Avril :<\/sup><\/strong> 9:00-17:00<br \/>\n<strong>8 <sup>avril<\/sup><\/strong>: 9:00-15:30 Inscription sur place &#8211; <span class=\"orange\">6 <sup>avril<\/sup><\/span>: 12:00-1:00pm<\/p>\n<p>Phoenix, Arizona<br \/>\nHyatt Regency &#8211; Centre-ville<\/p>\n<hr>\n<h2 id=\"register-today\">S&rsquo;inscrire aujourd&rsquo;hui<\/h2>\n<p><\/center><\/p>\n<div><strong>A attendre avec impatience :<\/strong><\/p>\n<ul>\n<li>Discours d&rsquo;inspiration<\/li>\n<li>Plus de deux douzaines de sessions en petits groupes<\/li>\n<li>Partage d&rsquo;applications<\/li>\n<li>Interactivit\u00e9<\/li>\n<li>D\u00e9bat d&rsquo;experts<\/li>\n<li>Chasse au tr\u00e9sor<\/li>\n<li>Mise en r\u00e9seau<\/li>\n<li>Temps d&rsquo;action et de r\u00e9flexion<\/li>\n<li>Partager sa passion avec les autresLe temps de l&rsquo;action et de la r\u00e9flexion<\/li>\n<\/ul>\n<\/div>\n<div><strong>Les th\u00e8mes pr\u00e9vus sont les suivants<\/strong><\/p>\n<ul>\n<li>Outils en ligne<\/li>\n<li>Netbooks et ordinateurs portables<\/li>\n<li>iPhone, iPod touch et iPad<\/li>\n<li>T\u00e9l\u00e9phones mobiles<\/li>\n<li>Gestion de la classe<\/li>\n<li>Environnements d&rsquo;apprentissage individuels<\/li>\n<li>Apprentissage personnalis\u00e9<\/li>\n<li>Apprentissage par enqu\u00eate<\/li>\n<li>Recherche sur l&rsquo;apprentissage mobile<\/li>\n<li>Technologie d&rsquo;assistance<\/li>\n<li>Sciences, math\u00e9matiques et langues<\/li>\n<li>R\u00e9flexion de haut niveau<\/li>\n<\/ul>\n<\/div>\n<h3>Informations compl\u00e9mentaires<\/h3>\n<p>Localisation &#8211; Carte et itin\u00e9raire<br \/>\nOrateurs &#8211; Invit\u00e9s d&rsquo;honneur<br \/>\nHoraire &amp; ; Mat\u00e9riel &#8211; Ordre du jour et documents de l&rsquo;\u00e9v\u00e9nement<\/p>\n<\/div>","protected":false},"excerpt":{"rendered":"<p>Exp\u00e9rience d&rsquo;apprentissage mobile 2011 D\u00c9COUVREZ LES DERNI\u00c8RES NOUVEAUT\u00c9S EN MATI\u00c8RE D&rsquo;ENSEIGNEMENT, D&rsquo;APPRENTISSAGE ET D&rsquo;INFORMATIQUE MOBILE. Vous \u00eates int\u00e9ress\u00e9 par les iPods, les iPads, les netbooks, les ordinateurs portables et les t\u00e9l\u00e9phones ? La technologie mobile au service de l&rsquo;enseignement et de l&rsquo;apprentissage vous int\u00e9resse ? Vous souhaitez entrer en contact avec d&rsquo;autres \u00e9ducateurs et tirer [&hellip;]<\/p>\n","protected":false},"author":1,"featured_media":0,"parent":0,"menu_order":0,"comment_status":"closed","ping_status":"closed","template":"","meta":{"site-sidebar-layout":"default","site-content-layout":"","ast-site-content-layout":"","site-content-style":"default","site-sidebar-style":"default","ast-global-header-display":"","ast-banner-title-visibility":"","ast-main-header-display":"","ast-hfb-above-header-display":"","ast-hfb-below-header-display":"","ast-hfb-mobile-header-display":"","site-post-title":"","ast-breadcrumbs-content":"","ast-featured-img":"","footer-sml-layout":"","theme-transparent-header-meta":"","adv-header-id-meta":"","stick-header-meta":"","header-above-stick-meta":"","header-main-stick-meta":"","header-below-stick-meta":"","astra-migrate-meta-layouts":"default","ast-page-background-enabled":"default","ast-page-background-meta":{"desktop":{"background-color":"","background-image":"","background-repeat":"repeat","background-position":"center center","background-size":"auto","background-attachment":"scroll","background-type":"","background-media":"","overlay-type":"","overlay-color":"","overlay-opacity":"","overlay-gradient":""},"tablet":{"background-color":"","background-image":"","background-repeat":"repeat","background-position":"center center","background-size":"auto","background-attachment":"scroll","background-type":"","background-media":"","overlay-type":"","overlay-color":"","overlay-opacity":"","overlay-gradient":""},"mobile":{"background-color":"","background-image":"","background-repeat":"repeat","background-position":"center center","background-size":"auto","background-attachment":"scroll","background-type":"","background-media":"","overlay-type":"","overlay-color":"","overlay-opacity":"","overlay-gradient":""}},"ast-content-background-meta":{"desktop":{"background-color":"var(--ast-global-color-5)","background-image":"","background-repeat":"repeat","background-position":"center center","background-size":"auto","background-attachment":"scroll","background-type":"","background-media":"","overlay-type":"","overlay-color":"","overlay-opacity":"","overlay-gradient":""},"tablet":{"background-color":"var(--ast-global-color-5)","background-image":"","background-repeat":"repeat","background-position":"center center","background-size":"auto","background-attachment":"scroll","background-type":"","background-media":"","overlay-type":"","overlay-color":"","overlay-opacity":"","overlay-gradient":""},"mobile":{"background-color":"var(--ast-global-color-5)","background-image":"","background-repeat":"repeat","background-position":"center center","background-size":"auto","background-attachment":"scroll","background-type":"","background-media":"","overlay-type":"","overlay-color":"","overlay-opacity":"","overlay-gradient":""}},"footnotes":""},"class_list":["post-315","page","type-page","status-publish","hentry"],"yoast_head":"<!-- This site is optimized with the Yoast SEO plugin v27.4 - https:\/\/yoast.com\/product\/yoast-seo-wordpress\/ -->\n<title>Conf\u00e9rence Experience Mobile -<\/title>\n<meta name=\"robots\" content=\"index, follow, max-snippet:-1, max-image-preview:large, max-video-preview:-1\" \/>\n<link rel=\"canonical\" href=\"https:\/\/mobile2011.org\/fr\/conference-experience-mobile\/\" \/>\n<meta property=\"og:locale\" content=\"fr_FR\" \/>\n<meta property=\"og:type\" content=\"article\" \/>\n<meta property=\"og:title\" content=\"Conf\u00e9rence Experience Mobile -\" \/>\n<meta property=\"og:description\" content=\"Exp\u00e9rience d&rsquo;apprentissage mobile 2011 D\u00c9COUVREZ LES DERNI\u00c8RES NOUVEAUT\u00c9S EN MATI\u00c8RE D&rsquo;ENSEIGNEMENT, D&rsquo;APPRENTISSAGE ET D&rsquo;INFORMATIQUE MOBILE. Vous \u00eates int\u00e9ress\u00e9 par les iPods, les iPads, les netbooks, les ordinateurs portables et les t\u00e9l\u00e9phones ? La technologie mobile au service de l&rsquo;enseignement et de l&rsquo;apprentissage vous int\u00e9resse ? Vous souhaitez entrer en contact avec d&rsquo;autres \u00e9ducateurs et tirer [&hellip;]\" \/>\n<meta property=\"og:url\" content=\"https:\/\/mobile2011.org\/fr\/conference-experience-mobile\/\" \/>\n<meta name=\"twitter:card\" content=\"summary_large_image\" \/>\n<meta name=\"twitter:label1\" content=\"Dur\u00e9e de lecture estim\u00e9e\" \/>\n\t<meta name=\"twitter:data1\" content=\"1 minute\" \/>\n<script type=\"application\/ld+json\" class=\"yoast-schema-graph\">{\"@context\":\"https:\\\/\\\/schema.org\",\"@graph\":[{\"@type\":\"WebPage\",\"@id\":\"https:\\\/\\\/mobile2011.org\\\/fr\\\/conference-experience-mobile\\\/\",\"url\":\"https:\\\/\\\/mobile2011.org\\\/fr\\\/conference-experience-mobile\\\/\",\"name\":\"Conf\u00e9rence Experience Mobile -\",\"isPartOf\":{\"@id\":\"https:\\\/\\\/mobile2011.org\\\/fr\\\/#website\"},\"datePublished\":\"2016-08-30T13:41:24+00:00\",\"breadcrumb\":{\"@id\":\"https:\\\/\\\/mobile2011.org\\\/fr\\\/conference-experience-mobile\\\/#breadcrumb\"},\"inLanguage\":\"fr-FR\",\"potentialAction\":[{\"@type\":\"ReadAction\",\"target\":[\"https:\\\/\\\/mobile2011.org\\\/fr\\\/conference-experience-mobile\\\/\"]}]},{\"@type\":\"BreadcrumbList\",\"@id\":\"https:\\\/\\\/mobile2011.org\\\/fr\\\/conference-experience-mobile\\\/#breadcrumb\",\"itemListElement\":[{\"@type\":\"ListItem\",\"position\":1,\"name\":\"Home\",\"item\":\"https:\\\/\\\/mobile2011.org\\\/fr\\\/\"},{\"@type\":\"ListItem\",\"position\":2,\"name\":\"Conf\u00e9rence Experience Mobile\"}]},{\"@type\":\"WebSite\",\"@id\":\"https:\\\/\\\/mobile2011.org\\\/fr\\\/#website\",\"url\":\"https:\\\/\\\/mobile2011.org\\\/fr\\\/\",\"name\":\"\",\"description\":\"\",\"potentialAction\":[{\"@type\":\"SearchAction\",\"target\":{\"@type\":\"EntryPoint\",\"urlTemplate\":\"https:\\\/\\\/mobile2011.org\\\/fr\\\/?s={search_term_string}\"},\"query-input\":{\"@type\":\"PropertyValueSpecification\",\"valueRequired\":true,\"valueName\":\"search_term_string\"}}],\"inLanguage\":\"fr-FR\"}]}<\/script>\n<!-- \/ Yoast SEO plugin. -->","yoast_head_json":{"title":"Conf\u00e9rence Experience Mobile -","robots":{"index":"index","follow":"follow","max-snippet":"max-snippet:-1","max-image-preview":"max-image-preview:large","max-video-preview":"max-video-preview:-1"},"canonical":"https:\/\/mobile2011.org\/fr\/conference-experience-mobile\/","og_locale":"fr_FR","og_type":"article","og_title":"Conf\u00e9rence Experience Mobile -","og_description":"Exp\u00e9rience d&rsquo;apprentissage mobile 2011 D\u00c9COUVREZ LES DERNI\u00c8RES NOUVEAUT\u00c9S EN MATI\u00c8RE D&rsquo;ENSEIGNEMENT, D&rsquo;APPRENTISSAGE ET D&rsquo;INFORMATIQUE MOBILE. Vous \u00eates int\u00e9ress\u00e9 par les iPods, les iPads, les netbooks, les ordinateurs portables et les t\u00e9l\u00e9phones ? La technologie mobile au service de l&rsquo;enseignement et de l&rsquo;apprentissage vous int\u00e9resse ? Vous souhaitez entrer en contact avec d&rsquo;autres \u00e9ducateurs et tirer [&hellip;]","og_url":"https:\/\/mobile2011.org\/fr\/conference-experience-mobile\/","twitter_card":"summary_large_image","twitter_misc":{"Dur\u00e9e de lecture estim\u00e9e":"1 minute"},"schema":{"@context":"https:\/\/schema.org","@graph":[{"@type":"WebPage","@id":"https:\/\/mobile2011.org\/fr\/conference-experience-mobile\/","url":"https:\/\/mobile2011.org\/fr\/conference-experience-mobile\/","name":"Conf\u00e9rence Experience Mobile -","isPartOf":{"@id":"https:\/\/mobile2011.org\/fr\/#website"},"datePublished":"2016-08-30T13:41:24+00:00","breadcrumb":{"@id":"https:\/\/mobile2011.org\/fr\/conference-experience-mobile\/#breadcrumb"},"inLanguage":"fr-FR","potentialAction":[{"@type":"ReadAction","target":["https:\/\/mobile2011.org\/fr\/conference-experience-mobile\/"]}]},{"@type":"BreadcrumbList","@id":"https:\/\/mobile2011.org\/fr\/conference-experience-mobile\/#breadcrumb","itemListElement":[{"@type":"ListItem","position":1,"name":"Home","item":"https:\/\/mobile2011.org\/fr\/"},{"@type":"ListItem","position":2,"name":"Conf\u00e9rence Experience Mobile"}]},{"@type":"WebSite","@id":"https:\/\/mobile2011.org\/fr\/#website","url":"https:\/\/mobile2011.org\/fr\/","name":"","description":"","potentialAction":[{"@type":"SearchAction","target":{"@type":"EntryPoint","urlTemplate":"https:\/\/mobile2011.org\/fr\/?s={search_term_string}"},"query-input":{"@type":"PropertyValueSpecification","valueRequired":true,"valueName":"search_term_string"}}],"inLanguage":"fr-FR"}]}},"_links":{"self":[{"href":"https:\/\/mobile2011.org\/fr\/wp-json\/wp\/v2\/pages\/315","targetHints":{"allow":["GET"]}}],"collection":[{"href":"https:\/\/mobile2011.org\/fr\/wp-json\/wp\/v2\/pages"}],"about":[{"href":"https:\/\/mobile2011.org\/fr\/wp-json\/wp\/v2\/types\/page"}],"author":[{"embeddable":true,"href":"https:\/\/mobile2011.org\/fr\/wp-json\/wp\/v2\/users\/1"}],"replies":[{"embeddable":true,"href":"https:\/\/mobile2011.org\/fr\/wp-json\/wp\/v2\/comments?post=315"}],"version-history":[{"count":0,"href":"https:\/\/mobile2011.org\/fr\/wp-json\/wp\/v2\/pages\/315\/revisions"}],"wp:attachment":[{"href":"https:\/\/mobile2011.org\/fr\/wp-json\/wp\/v2\/media?parent=315"}],"curies":[{"name":"wp","href":"https:\/\/api.w.org\/{rel}","templated":true}]}}