{"id":316,"date":"2016-08-30T13:57:35","date_gmt":"2016-08-30T13:57:35","guid":{"rendered":"http:\/\/mobile2011.org\/accueil\/"},"modified":"2023-05-30T17:16:28","modified_gmt":"2023-05-30T17:16:28","slug":"accueil","status":"publish","type":"page","link":"https:\/\/mobile2011.org\/fr\/","title":{"rendered":"Accueil"},"content":{"rendered":"<div class=\"pbs-main-wrapper\"><p><\/p>\n<div class=\"wp-block-uagb-image aligncenter uagb-block-335acd29 wp-block-uagb-image--layout-default wp-block-uagb-image--effect-zoomin wp-block-uagb-image--align-center\">\n<figure class=\"wp-block-uagb-image__figure\"><img decoding=\"async\" srcset=\"http:\/\/mobile2011.org\/wp-content\/uploads\/2023\/02\/mibile-learn-heading.png \" src=\"http:\/\/mobile2011.org\/wp-content\/uploads\/2023\/02\/mibile-learn-heading.png\" alt=\"\" class=\"uag-image-249\" title=\"\" loading=\"lazy\"\/><\/figure>\n<\/div>\n<p><\/p>\n<h1 class=\"wp-block-heading\">Qu&rsquo;est-ce que l&rsquo;apprentissage mobile ?<\/h1>\n<p><\/p>\n<p>Jetez un coup d&rsquo;\u0153il autour de vous et il y a de fortes chances que vous voyiez un appareil mobile. Les t\u00e9l\u00e9phones, les iPods, les ordinateurs portables, les netbooks, les iPads, les cl\u00e9s USB et les jeux portables semblent \u00eatre omnipr\u00e9sents. Combinez ces gadgets omnipr\u00e9sents avec des utilisations \u00e9ducatives et productives et vous obtenez apprentissage <b><i>mobile<\/i><\/b>.<\/p>\n<p><\/p>\n<p>L&rsquo;apprentissage mobile peut se faire n&rsquo;importe o\u00f9 : dans une salle de classe, \u00e0 la table de la salle \u00e0 manger, dans un bus, devant une exposition scientifique, au zoo&#8230; n&rsquo;importe o\u00f9 ! La portabilit\u00e9 n&rsquo;est pas aussi importante que la capacit\u00e9 de l&rsquo;apprenant \u00e0 se connecter, \u00e0 communiquer, \u00e0 collaborer et \u00e0 cr\u00e9er \u00e0 l&rsquo;aide d&rsquo;outils facilement accessibles. Voici quelques exemples :<\/p>\n<p><\/p>\n<ul class=\"wp-block-list\"><\/p>\n<li>Un apprenant peut prendre des notes sur son t\u00e9l\u00e9phone et les transf\u00e9rer ensuite sur un ordinateur portable o\u00f9 il ajoute des images et partage le document en ligne avec son groupe d&rsquo;\u00e9tude.<\/li>\n<p><\/p>\n<p><\/p>\n<li>Un \u00e9l\u00e8ve qui ne comprend pas un concept math\u00e9matique trouve un podcast qui explique visuellement le concept.<\/li>\n<p><\/p>\n<p><\/p>\n<li>Pendant les cours, un groupe d&rsquo;\u00e9l\u00e8ves cr\u00e9e des flashcards auxquelles ils peuvent acc\u00e9der \u00e0 partir de leur ordinateur de poche \u00e0 la maison.<\/li>\n<p><\/p>\n<p><\/p>\n<li>Les \u00e9l\u00e8ves filment des vid\u00e9os \u00e0 l&rsquo;aide de leur t\u00e9l\u00e9phone portable et les transf\u00e8rent sur un ordinateur pour le montage. La vid\u00e9o est sauvegard\u00e9e sur un site web pour que les camarades de classe puissent l&rsquo;utiliser.<\/li>\n<p><\/p>\n<p><\/p>\n<li>Alors qu&rsquo;il lit une fiction historique, un \u00e9l\u00e8ve veut en savoir plus sur le pr\u00e9sident Nixon. Il acc\u00e8de donc instantan\u00e9ment \u00e0 l&rsquo;article sur le Watergate en ligne et visualise le complexe du Watergate sur une carte interactive.<\/li>\n<p><\/ul>\n<p><\/p>\n<p>Avec une vari\u00e9t\u00e9 d&rsquo;outils et de ressources toujours disponibles, l&rsquo;apprentissage mobile offre davantage d&rsquo;options pour la personnalisation de l&rsquo;apprentissage. L&rsquo;apprentissage mobile dans les salles de classe am\u00e8ne souvent les \u00e9l\u00e8ves \u00e0 travailler de mani\u00e8re interd\u00e9pendante, en groupe ou individuellement pour r\u00e9soudre des probl\u00e8mes, travailler sur des projets, r\u00e9pondre \u00e0 des besoins individuels et permettre \u00e0 l&rsquo;\u00e9l\u00e8ve de s&rsquo;exprimer et de choisir. Avec l&rsquo;acc\u00e8s \u00e0 de nombreux contenus \u00e0 tout moment et en tout lieu, les possibilit\u00e9s d&rsquo;apprentissage formel et informel ne manquent pas, tant \u00e0 l&rsquo;int\u00e9rieur qu&rsquo;\u00e0 l&rsquo;ext\u00e9rieur de la salle de classe.<\/p>\n<p><\/p>\n<p><\/p>\n<p>Si certaines \u00e9coles interdisent les appareils mobiles, d&rsquo;autres les adoptent. Certains invitent les \u00e9l\u00e8ves \u00e0 apporter leurs appareils personnels, tandis que d&rsquo;autres mettent \u00e0 la disposition des \u00e9l\u00e8ves des ensembles d&rsquo;appareils mobiles pour la classe. Les netbooks, iPod touch et iPads sont des appareils tr\u00e8s populaires pour l&rsquo;apprentissage mobile en raison de leur co\u00fbt et de la disponibilit\u00e9 des applications. Ils sont utilis\u00e9s pour recueillir les r\u00e9ponses des \u00e9l\u00e8ves (clickers), lire des livres \u00e9lectroniques et des sites web, enregistrer des r\u00e9flexions, documenter des sorties p\u00e9dagogiques, collecter et analyser des donn\u00e9es, et bien d&rsquo;autres choses encore.<\/p>\n<p><\/p>\n<p>L&rsquo;apprentissage mobile a de nombreuses d\u00e9finitions et est connu sous de nombreux noms diff\u00e9rents, comme m-learning, uLearning, apprentissage personnalis\u00e9, apprentissage mobile, apprentissage omnipr\u00e9sent, apprentissage \u00e0 tout moment et en tout lieu, et apprentissage sur ordinateur de poche. Quel que soit le nom qu&rsquo;on leur donne, les outils mobiles sont l\u00e0 pour rester. Les apprenants qui exploitent la puissance de ces outils peuvent \u00eatre plus productifs et disposer de ressources d&rsquo;apprentissage au moment et \u00e0 l&rsquo;endroit o\u00f9 ils en ont besoin.<\/p>\n<p><\/p>\n<\/div>","protected":false},"excerpt":{"rendered":"<p>Qu&rsquo;est-ce que l&rsquo;apprentissage mobile ? Jetez un coup d&rsquo;\u0153il autour de vous et il y a de fortes chances que vous voyiez un appareil mobile. Les t\u00e9l\u00e9phones, les iPods, les ordinateurs portables, les netbooks, les iPads, les cl\u00e9s USB et les jeux portables semblent \u00eatre omnipr\u00e9sents. Combinez ces gadgets omnipr\u00e9sents avec des utilisations \u00e9ducatives et [&hellip;]<\/p>\n","protected":false},"author":1,"featured_media":0,"parent":0,"menu_order":0,"comment_status":"closed","ping_status":"closed","template":"","meta":{"site-sidebar-layout":"default","site-content-layout":"","ast-site-content-layout":"","site-content-style":"default","site-sidebar-style":"default","ast-global-header-display":"","ast-banner-title-visibility":"","ast-main-header-display":"","ast-hfb-above-header-display":"","ast-hfb-below-header-display":"","ast-hfb-mobile-header-display":"","site-post-title":"disabled","ast-breadcrumbs-content":"","ast-featured-img":"","footer-sml-layout":"","theme-transparent-header-meta":"","adv-header-id-meta":"","stick-header-meta":"","header-above-stick-meta":"","header-main-stick-meta":"","header-below-stick-meta":"","astra-migrate-meta-layouts":"default","ast-page-background-enabled":"default","ast-page-background-meta":{"desktop":{"background-color":"","background-image":"","background-repeat":"repeat","background-position":"center center","background-size":"auto","background-attachment":"scroll","background-type":"","background-media":"","overlay-type":"","overlay-color":"","overlay-opacity":"","overlay-gradient":""},"tablet":{"background-color":"","background-image":"","background-repeat":"repeat","background-position":"center center","background-size":"auto","background-attachment":"scroll","background-type":"","background-media":"","overlay-type":"","overlay-color":"","overlay-opacity":"","overlay-gradient":""},"mobile":{"background-color":"","background-image":"","background-repeat":"repeat","background-position":"center center","background-size":"auto","background-attachment":"scroll","background-type":"","background-media":"","overlay-type":"","overlay-color":"","overlay-opacity":"","overlay-gradient":""}},"ast-content-background-meta":{"desktop":{"background-color":"var(--ast-global-color-5)","background-image":"","background-repeat":"repeat","background-position":"center center","background-size":"auto","background-attachment":"scroll","background-type":"","background-media":"","overlay-type":"","overlay-color":"","overlay-opacity":"","overlay-gradient":""},"tablet":{"background-color":"var(--ast-global-color-5)","background-image":"","background-repeat":"repeat","background-position":"center center","background-size":"auto","background-attachment":"scroll","background-type":"","background-media":"","overlay-type":"","overlay-color":"","overlay-opacity":"","overlay-gradient":""},"mobile":{"background-color":"var(--ast-global-color-5)","background-image":"","background-repeat":"repeat","background-position":"center center","background-size":"auto","background-attachment":"scroll","background-type":"","background-media":"","overlay-type":"","overlay-color":"","overlay-opacity":"","overlay-gradient":""}},"footnotes":""},"class_list":["post-316","page","type-page","status-publish","hentry"],"yoast_head":"<!-- This site is optimized with the Yoast SEO plugin v27.3 - https:\/\/yoast.com\/product\/yoast-seo-wordpress\/ -->\n<title>L&#039;apprentissage mobile pour l&#039;\u00e9ducation et le d\u00e9veloppement de carri\u00e8re ;<\/title>\n<meta name=\"robots\" content=\"index, follow, max-snippet:-1, max-image-preview:large, max-video-preview:-1\" \/>\n<link rel=\"canonical\" href=\"https:\/\/mobile2011.org\/fr\/\" \/>\n<meta property=\"og:locale\" content=\"fr_FR\" \/>\n<meta property=\"og:type\" content=\"article\" \/>\n<meta property=\"og:title\" content=\"L&#039;apprentissage mobile pour l&#039;\u00e9ducation et le d\u00e9veloppement de carri\u00e8re ;\" \/>\n<meta property=\"og:description\" content=\"Qu&rsquo;est-ce que l&rsquo;apprentissage mobile ? Jetez un coup d&rsquo;\u0153il autour de vous et il y a de fortes chances que vous voyiez un appareil mobile. Les t\u00e9l\u00e9phones, les iPods, les ordinateurs portables, les netbooks, les iPads, les cl\u00e9s USB et les jeux portables semblent \u00eatre omnipr\u00e9sents. Combinez ces gadgets omnipr\u00e9sents avec des utilisations \u00e9ducatives et [&hellip;]\" \/>\n<meta property=\"og:url\" content=\"https:\/\/mobile2011.org\/fr\/\" \/>\n<meta property=\"article:modified_time\" content=\"2023-05-30T17:16:28+00:00\" \/>\n<meta property=\"og:image\" content=\"http:\/\/mobile2011.org\/wp-content\/uploads\/2023\/02\/mibile-learn-heading.png\" \/>\n<meta name=\"twitter:card\" content=\"summary_large_image\" \/>\n<meta name=\"twitter:label1\" content=\"Dur\u00e9e de lecture estim\u00e9e\" \/>\n\t<meta name=\"twitter:data1\" content=\"3 minutes\" \/>\n<script type=\"application\/ld+json\" class=\"yoast-schema-graph\">{\"@context\":\"https:\\\/\\\/schema.org\",\"@graph\":[{\"@type\":\"WebPage\",\"@id\":\"https:\\\/\\\/mobile2011.org\\\/fr\\\/\",\"url\":\"https:\\\/\\\/mobile2011.org\\\/fr\\\/\",\"name\":\"L'apprentissage mobile pour l'\u00e9ducation et le d\u00e9veloppement de carri\u00e8re ;\",\"isPartOf\":{\"@id\":\"https:\\\/\\\/mobile2011.org\\\/fr\\\/#website\"},\"primaryImageOfPage\":{\"@id\":\"https:\\\/\\\/mobile2011.org\\\/fr\\\/#primaryimage\"},\"image\":{\"@id\":\"https:\\\/\\\/mobile2011.org\\\/fr\\\/#primaryimage\"},\"thumbnailUrl\":\"http:\\\/\\\/mobile2011.org\\\/wp-content\\\/uploads\\\/2023\\\/02\\\/mibile-learn-heading.png\",\"datePublished\":\"2016-08-30T13:57:35+00:00\",\"dateModified\":\"2023-05-30T17:16:28+00:00\",\"breadcrumb\":{\"@id\":\"https:\\\/\\\/mobile2011.org\\\/fr\\\/#breadcrumb\"},\"inLanguage\":\"fr-FR\",\"potentialAction\":[{\"@type\":\"ReadAction\",\"target\":[\"https:\\\/\\\/mobile2011.org\\\/fr\\\/\"]}]},{\"@type\":\"ImageObject\",\"inLanguage\":\"fr-FR\",\"@id\":\"https:\\\/\\\/mobile2011.org\\\/fr\\\/#primaryimage\",\"url\":\"http:\\\/\\\/mobile2011.org\\\/wp-content\\\/uploads\\\/2023\\\/02\\\/mibile-learn-heading.png\",\"contentUrl\":\"http:\\\/\\\/mobile2011.org\\\/wp-content\\\/uploads\\\/2023\\\/02\\\/mibile-learn-heading.png\"},{\"@type\":\"BreadcrumbList\",\"@id\":\"https:\\\/\\\/mobile2011.org\\\/fr\\\/#breadcrumb\",\"itemListElement\":[{\"@type\":\"ListItem\",\"position\":1,\"name\":\"Home\",\"item\":\"https:\\\/\\\/mobile2011.org\\\/fr\\\/\"},{\"@type\":\"ListItem\",\"position\":2,\"name\":\"Accueil\"}]},{\"@type\":\"WebSite\",\"@id\":\"https:\\\/\\\/mobile2011.org\\\/fr\\\/#website\",\"url\":\"https:\\\/\\\/mobile2011.org\\\/fr\\\/\",\"name\":\"\",\"description\":\"\",\"potentialAction\":[{\"@type\":\"SearchAction\",\"target\":{\"@type\":\"EntryPoint\",\"urlTemplate\":\"https:\\\/\\\/mobile2011.org\\\/fr\\\/?s={search_term_string}\"},\"query-input\":{\"@type\":\"PropertyValueSpecification\",\"valueRequired\":true,\"valueName\":\"search_term_string\"}}],\"inLanguage\":\"fr-FR\"}]}<\/script>\n<!-- \/ Yoast SEO plugin. -->","yoast_head_json":{"title":"L'apprentissage mobile pour l'\u00e9ducation et le d\u00e9veloppement de carri\u00e8re ;","robots":{"index":"index","follow":"follow","max-snippet":"max-snippet:-1","max-image-preview":"max-image-preview:large","max-video-preview":"max-video-preview:-1"},"canonical":"https:\/\/mobile2011.org\/fr\/","og_locale":"fr_FR","og_type":"article","og_title":"L'apprentissage mobile pour l'\u00e9ducation et le d\u00e9veloppement de carri\u00e8re ;","og_description":"Qu&rsquo;est-ce que l&rsquo;apprentissage mobile ? Jetez un coup d&rsquo;\u0153il autour de vous et il y a de fortes chances que vous voyiez un appareil mobile. Les t\u00e9l\u00e9phones, les iPods, les ordinateurs portables, les netbooks, les iPads, les cl\u00e9s USB et les jeux portables semblent \u00eatre omnipr\u00e9sents. Combinez ces gadgets omnipr\u00e9sents avec des utilisations \u00e9ducatives et [&hellip;]","og_url":"https:\/\/mobile2011.org\/fr\/","article_modified_time":"2023-05-30T17:16:28+00:00","og_image":[{"url":"http:\/\/mobile2011.org\/wp-content\/uploads\/2023\/02\/mibile-learn-heading.png","type":"","width":"","height":""}],"twitter_card":"summary_large_image","twitter_misc":{"Dur\u00e9e de lecture estim\u00e9e":"3 minutes"},"schema":{"@context":"https:\/\/schema.org","@graph":[{"@type":"WebPage","@id":"https:\/\/mobile2011.org\/fr\/","url":"https:\/\/mobile2011.org\/fr\/","name":"L'apprentissage mobile pour l'\u00e9ducation et le d\u00e9veloppement de carri\u00e8re ;","isPartOf":{"@id":"https:\/\/mobile2011.org\/fr\/#website"},"primaryImageOfPage":{"@id":"https:\/\/mobile2011.org\/fr\/#primaryimage"},"image":{"@id":"https:\/\/mobile2011.org\/fr\/#primaryimage"},"thumbnailUrl":"http:\/\/mobile2011.org\/wp-content\/uploads\/2023\/02\/mibile-learn-heading.png","datePublished":"2016-08-30T13:57:35+00:00","dateModified":"2023-05-30T17:16:28+00:00","breadcrumb":{"@id":"https:\/\/mobile2011.org\/fr\/#breadcrumb"},"inLanguage":"fr-FR","potentialAction":[{"@type":"ReadAction","target":["https:\/\/mobile2011.org\/fr\/"]}]},{"@type":"ImageObject","inLanguage":"fr-FR","@id":"https:\/\/mobile2011.org\/fr\/#primaryimage","url":"http:\/\/mobile2011.org\/wp-content\/uploads\/2023\/02\/mibile-learn-heading.png","contentUrl":"http:\/\/mobile2011.org\/wp-content\/uploads\/2023\/02\/mibile-learn-heading.png"},{"@type":"BreadcrumbList","@id":"https:\/\/mobile2011.org\/fr\/#breadcrumb","itemListElement":[{"@type":"ListItem","position":1,"name":"Home","item":"https:\/\/mobile2011.org\/fr\/"},{"@type":"ListItem","position":2,"name":"Accueil"}]},{"@type":"WebSite","@id":"https:\/\/mobile2011.org\/fr\/#website","url":"https:\/\/mobile2011.org\/fr\/","name":"","description":"","potentialAction":[{"@type":"SearchAction","target":{"@type":"EntryPoint","urlTemplate":"https:\/\/mobile2011.org\/fr\/?s={search_term_string}"},"query-input":{"@type":"PropertyValueSpecification","valueRequired":true,"valueName":"search_term_string"}}],"inLanguage":"fr-FR"}]}},"_links":{"self":[{"href":"https:\/\/mobile2011.org\/fr\/wp-json\/wp\/v2\/pages\/316","targetHints":{"allow":["GET"]}}],"collection":[{"href":"https:\/\/mobile2011.org\/fr\/wp-json\/wp\/v2\/pages"}],"about":[{"href":"https:\/\/mobile2011.org\/fr\/wp-json\/wp\/v2\/types\/page"}],"author":[{"embeddable":true,"href":"https:\/\/mobile2011.org\/fr\/wp-json\/wp\/v2\/users\/1"}],"replies":[{"embeddable":true,"href":"https:\/\/mobile2011.org\/fr\/wp-json\/wp\/v2\/comments?post=316"}],"version-history":[{"count":1,"href":"https:\/\/mobile2011.org\/fr\/wp-json\/wp\/v2\/pages\/316\/revisions"}],"predecessor-version":[{"id":317,"href":"https:\/\/mobile2011.org\/fr\/wp-json\/wp\/v2\/pages\/316\/revisions\/317"}],"wp:attachment":[{"href":"https:\/\/mobile2011.org\/fr\/wp-json\/wp\/v2\/media?parent=316"}],"curies":[{"name":"wp","href":"https:\/\/api.w.org\/{rel}","templated":true}]}}