{"id":321,"date":"2016-08-31T14:23:29","date_gmt":"2016-08-31T14:23:29","guid":{"rendered":"http:\/\/mobile2011.org\/ressources-pour-les-enseignants\/"},"modified":"2016-08-31T14:23:29","modified_gmt":"2016-08-31T14:23:29","slug":"ressources-pour-les-enseignants","status":"publish","type":"page","link":"https:\/\/mobile2011.org\/fr\/ressources-pour-les-enseignants\/","title":{"rendered":"Ressources pour les enseignants ;"},"content":{"rendered":"<div class=\"pbs-main-wrapper\"><h3>Liens utiles<\/h3>\n<ul>\n<li><a href=\"http:\/\/learninginhand.com\/\" target=\"_blank\" rel=\"noopener\">Apprendre en main<\/a><\/li>\n<li><a href=\"http:\/\/www.cellphonesinlearning.com\/\" target=\"_blank\" rel=\"noopener\">Du jouet \u00e0 l&rsquo;outil : Blog sur les t\u00e9l\u00e9phones portables et l&rsquo;apprentissage<\/a><\/li>\n<li><a href=\"http:\/\/www.aupress.ca\/books\/120155\/ebook\/99Z_Mohamed_Ally_2009-MobileLearning.pdf\" target=\"_blank\" rel=\"noopener\">Apprentissage mobile : Transformer l&rsquo;offre d&rsquo;\u00e9ducation et de formation Livre PDF de 300 pages<\/a><\/li>\n<li><a href=\"http:\/\/www.smriders.net\/Mobile_Learning\" target=\"_blank\" rel=\"noopener\">Mary&rsquo;s City Schools Technologie d&rsquo;apprentissage mobile<\/a><\/li>\n<li><a href=\"http:\/\/netbooktrial.wikispaces.com\/\" target=\"_blank\" rel=\"noopener\">Essai de Netbook Wiki<\/a><\/li>\n<li><a href=\"http:\/\/www.iear.org\/\" target=\"_blank\" rel=\"noopener\">i Education Apps Review<\/a><\/li>\n<li><a href=\"http:\/\/portableapps.com\/\" target=\"_blank\" rel=\"noopener\">PortableApps<\/a><\/li>\n<li><a href=\"http:\/\/www.edutecher.net\/\" target=\"_blank\" rel=\"noopener\">eduTecher.net<\/a><\/li>\n<li><a href=\"http:\/\/cooltoolsforschools.wikispaces.com\/\" target=\"_blank\" rel=\"noopener\">Web 2.0 : Des outils sympas pour les \u00e9coles<\/a><\/li>\n<\/ul>\n<\/div>","protected":false},"excerpt":{"rendered":"<p>Liens utiles Apprendre en main Du jouet \u00e0 l&rsquo;outil : Blog sur les t\u00e9l\u00e9phones portables et l&rsquo;apprentissage Apprentissage mobile : Transformer l&rsquo;offre d&rsquo;\u00e9ducation et de formation Livre PDF de 300 pages Mary&rsquo;s City Schools Technologie d&rsquo;apprentissage mobile Essai de Netbook Wiki i Education Apps Review PortableApps eduTecher.net Web 2.0 : Des outils sympas pour les [&hellip;]<\/p>\n","protected":false},"author":1,"featured_media":0,"parent":0,"menu_order":0,"comment_status":"closed","ping_status":"closed","template":"","meta":{"site-sidebar-layout":"default","site-content-layout":"","ast-site-content-layout":"","site-content-style":"default","site-sidebar-style":"default","ast-global-header-display":"","ast-banner-title-visibility":"","ast-main-header-display":"","ast-hfb-above-header-display":"","ast-hfb-below-header-display":"","ast-hfb-mobile-header-display":"","site-post-title":"","ast-breadcrumbs-content":"","ast-featured-img":"","footer-sml-layout":"","theme-transparent-header-meta":"","adv-header-id-meta":"","stick-header-meta":"","header-above-stick-meta":"","header-main-stick-meta":"","header-below-stick-meta":"","astra-migrate-meta-layouts":"default","ast-page-background-enabled":"default","ast-page-background-meta":{"desktop":{"background-color":"","background-image":"","background-repeat":"repeat","background-position":"center center","background-size":"auto","background-attachment":"scroll","background-type":"","background-media":"","overlay-type":"","overlay-color":"","overlay-opacity":"","overlay-gradient":""},"tablet":{"background-color":"","background-image":"","background-repeat":"repeat","background-position":"center center","background-size":"auto","background-attachment":"scroll","background-type":"","background-media":"","overlay-type":"","overlay-color":"","overlay-opacity":"","overlay-gradient":""},"mobile":{"background-color":"","background-image":"","background-repeat":"repeat","background-position":"center center","background-size":"auto","background-attachment":"scroll","background-type":"","background-media":"","overlay-type":"","overlay-color":"","overlay-opacity":"","overlay-gradient":""}},"ast-content-background-meta":{"desktop":{"background-color":"var(--ast-global-color-5)","background-image":"","background-repeat":"repeat","background-position":"center center","background-size":"auto","background-attachment":"scroll","background-type":"","background-media":"","overlay-type":"","overlay-color":"","overlay-opacity":"","overlay-gradient":""},"tablet":{"background-color":"var(--ast-global-color-5)","background-image":"","background-repeat":"repeat","background-position":"center center","background-size":"auto","background-attachment":"scroll","background-type":"","background-media":"","overlay-type":"","overlay-color":"","overlay-opacity":"","overlay-gradient":""},"mobile":{"background-color":"var(--ast-global-color-5)","background-image":"","background-repeat":"repeat","background-position":"center center","background-size":"auto","background-attachment":"scroll","background-type":"","background-media":"","overlay-type":"","overlay-color":"","overlay-opacity":"","overlay-gradient":""}},"footnotes":""},"class_list":["post-321","page","type-page","status-publish","hentry"],"yoast_head":"<!-- This site is optimized with the Yoast SEO plugin v27.4 - https:\/\/yoast.com\/product\/yoast-seo-wordpress\/ -->\n<title>Ressources pour les enseignants ; -<\/title>\n<meta name=\"robots\" content=\"index, follow, max-snippet:-1, max-image-preview:large, max-video-preview:-1\" \/>\n<link rel=\"canonical\" href=\"https:\/\/mobile2011.org\/fr\/ressources-pour-les-enseignants\/\" \/>\n<meta property=\"og:locale\" content=\"fr_FR\" \/>\n<meta property=\"og:type\" content=\"article\" \/>\n<meta property=\"og:title\" content=\"Ressources pour les enseignants ; -\" \/>\n<meta property=\"og:description\" content=\"Liens utiles Apprendre en main Du jouet \u00e0 l&rsquo;outil : Blog sur les t\u00e9l\u00e9phones portables et l&rsquo;apprentissage Apprentissage mobile : Transformer l&rsquo;offre d&rsquo;\u00e9ducation et de formation Livre PDF de 300 pages Mary&rsquo;s City Schools Technologie d&rsquo;apprentissage mobile Essai de Netbook Wiki i Education Apps Review PortableApps eduTecher.net Web 2.0 : Des outils sympas pour les [&hellip;]\" \/>\n<meta property=\"og:url\" content=\"https:\/\/mobile2011.org\/fr\/ressources-pour-les-enseignants\/\" \/>\n<meta name=\"twitter:card\" content=\"summary_large_image\" \/>\n<script type=\"application\/ld+json\" class=\"yoast-schema-graph\">{\"@context\":\"https:\\\/\\\/schema.org\",\"@graph\":[{\"@type\":\"WebPage\",\"@id\":\"https:\\\/\\\/mobile2011.org\\\/fr\\\/ressources-pour-les-enseignants\\\/\",\"url\":\"https:\\\/\\\/mobile2011.org\\\/fr\\\/ressources-pour-les-enseignants\\\/\",\"name\":\"Ressources pour les enseignants ; -\",\"isPartOf\":{\"@id\":\"https:\\\/\\\/mobile2011.org\\\/fr\\\/#website\"},\"datePublished\":\"2016-08-31T14:23:29+00:00\",\"breadcrumb\":{\"@id\":\"https:\\\/\\\/mobile2011.org\\\/fr\\\/ressources-pour-les-enseignants\\\/#breadcrumb\"},\"inLanguage\":\"fr-FR\",\"potentialAction\":[{\"@type\":\"ReadAction\",\"target\":[\"https:\\\/\\\/mobile2011.org\\\/fr\\\/ressources-pour-les-enseignants\\\/\"]}]},{\"@type\":\"BreadcrumbList\",\"@id\":\"https:\\\/\\\/mobile2011.org\\\/fr\\\/ressources-pour-les-enseignants\\\/#breadcrumb\",\"itemListElement\":[{\"@type\":\"ListItem\",\"position\":1,\"name\":\"Home\",\"item\":\"https:\\\/\\\/mobile2011.org\\\/fr\\\/\"},{\"@type\":\"ListItem\",\"position\":2,\"name\":\"Ressources pour les enseignants ;\"}]},{\"@type\":\"WebSite\",\"@id\":\"https:\\\/\\\/mobile2011.org\\\/fr\\\/#website\",\"url\":\"https:\\\/\\\/mobile2011.org\\\/fr\\\/\",\"name\":\"\",\"description\":\"\",\"potentialAction\":[{\"@type\":\"SearchAction\",\"target\":{\"@type\":\"EntryPoint\",\"urlTemplate\":\"https:\\\/\\\/mobile2011.org\\\/fr\\\/?s={search_term_string}\"},\"query-input\":{\"@type\":\"PropertyValueSpecification\",\"valueRequired\":true,\"valueName\":\"search_term_string\"}}],\"inLanguage\":\"fr-FR\"}]}<\/script>\n<!-- \/ Yoast SEO plugin. -->","yoast_head_json":{"title":"Ressources pour les enseignants ; -","robots":{"index":"index","follow":"follow","max-snippet":"max-snippet:-1","max-image-preview":"max-image-preview:large","max-video-preview":"max-video-preview:-1"},"canonical":"https:\/\/mobile2011.org\/fr\/ressources-pour-les-enseignants\/","og_locale":"fr_FR","og_type":"article","og_title":"Ressources pour les enseignants ; -","og_description":"Liens utiles Apprendre en main Du jouet \u00e0 l&rsquo;outil : Blog sur les t\u00e9l\u00e9phones portables et l&rsquo;apprentissage Apprentissage mobile : Transformer l&rsquo;offre d&rsquo;\u00e9ducation et de formation Livre PDF de 300 pages Mary&rsquo;s City Schools Technologie d&rsquo;apprentissage mobile Essai de Netbook Wiki i Education Apps Review PortableApps eduTecher.net Web 2.0 : Des outils sympas pour les [&hellip;]","og_url":"https:\/\/mobile2011.org\/fr\/ressources-pour-les-enseignants\/","twitter_card":"summary_large_image","schema":{"@context":"https:\/\/schema.org","@graph":[{"@type":"WebPage","@id":"https:\/\/mobile2011.org\/fr\/ressources-pour-les-enseignants\/","url":"https:\/\/mobile2011.org\/fr\/ressources-pour-les-enseignants\/","name":"Ressources pour les enseignants ; -","isPartOf":{"@id":"https:\/\/mobile2011.org\/fr\/#website"},"datePublished":"2016-08-31T14:23:29+00:00","breadcrumb":{"@id":"https:\/\/mobile2011.org\/fr\/ressources-pour-les-enseignants\/#breadcrumb"},"inLanguage":"fr-FR","potentialAction":[{"@type":"ReadAction","target":["https:\/\/mobile2011.org\/fr\/ressources-pour-les-enseignants\/"]}]},{"@type":"BreadcrumbList","@id":"https:\/\/mobile2011.org\/fr\/ressources-pour-les-enseignants\/#breadcrumb","itemListElement":[{"@type":"ListItem","position":1,"name":"Home","item":"https:\/\/mobile2011.org\/fr\/"},{"@type":"ListItem","position":2,"name":"Ressources pour les enseignants ;"}]},{"@type":"WebSite","@id":"https:\/\/mobile2011.org\/fr\/#website","url":"https:\/\/mobile2011.org\/fr\/","name":"","description":"","potentialAction":[{"@type":"SearchAction","target":{"@type":"EntryPoint","urlTemplate":"https:\/\/mobile2011.org\/fr\/?s={search_term_string}"},"query-input":{"@type":"PropertyValueSpecification","valueRequired":true,"valueName":"search_term_string"}}],"inLanguage":"fr-FR"}]}},"_links":{"self":[{"href":"https:\/\/mobile2011.org\/fr\/wp-json\/wp\/v2\/pages\/321","targetHints":{"allow":["GET"]}}],"collection":[{"href":"https:\/\/mobile2011.org\/fr\/wp-json\/wp\/v2\/pages"}],"about":[{"href":"https:\/\/mobile2011.org\/fr\/wp-json\/wp\/v2\/types\/page"}],"author":[{"embeddable":true,"href":"https:\/\/mobile2011.org\/fr\/wp-json\/wp\/v2\/users\/1"}],"replies":[{"embeddable":true,"href":"https:\/\/mobile2011.org\/fr\/wp-json\/wp\/v2\/comments?post=321"}],"version-history":[{"count":0,"href":"https:\/\/mobile2011.org\/fr\/wp-json\/wp\/v2\/pages\/321\/revisions"}],"wp:attachment":[{"href":"https:\/\/mobile2011.org\/fr\/wp-json\/wp\/v2\/media?parent=321"}],"curies":[{"name":"wp","href":"https:\/\/api.w.org\/{rel}","templated":true}]}}