{"id":322,"date":"2016-08-31T16:15:09","date_gmt":"2016-08-31T16:15:09","guid":{"rendered":"http:\/\/mobile2011.org\/ressources-pour-les-etudiants\/"},"modified":"2016-08-31T16:15:09","modified_gmt":"2016-08-31T16:15:09","slug":"ressources-pour-les-etudiants","status":"publish","type":"page","link":"https:\/\/mobile2011.org\/fr\/ressources-pour-les-etudiants\/","title":{"rendered":"Ressources pour les \u00e9tudiants ;"},"content":{"rendered":"<div class=\"pbs-main-wrapper\"><h3>Liens utiles<\/h3>\n<ul>\n<li><a href=\"http:\/\/www.nfer.ac.uk\/futurelab\/\">Fondation nationale pour la recherche en \u00e9ducation<\/a><\/li>\n<li><a href=\"http:\/\/www.blackboard.com\/mobile-learning\/index.aspx\">Des solutions d&rsquo;apprentissage avec un esprit mobile<\/a><\/li>\n<li><a href=\"http:\/\/playwithlearning.com\/2012\/02\/09\/game-mechanics-and-learning-theory\/\">M\u00e9canique des jeux et th\u00e9orie de l&rsquo;apprentissage<\/a><\/li>\n<li><a href=\"http:\/\/icaci.org\/files\/documents\/ICC_proceedings\/ICC2011\/Oral%20Presentations%20PDF\/B2-Location%20based%20services%20and%20ubiquitous%20cartography\/CO-104.pdf\">Jeux mobiles bas\u00e9s sur la localisation pour l&rsquo;apprentissage et la prise de d\u00e9cision<\/a><\/li>\n<li><a href=\"https:\/\/instructionaldesignfusions.wordpress.com\/2011\/07\/07\/location-based-learning-the-context-is-mobile\/\">Apprentissage bas\u00e9 sur la localisation : Le contexte est mobile ;<\/a><\/li>\n<\/ul>\n<\/div>","protected":false},"excerpt":{"rendered":"<p>Liens utiles Fondation nationale pour la recherche en \u00e9ducation Des solutions d&rsquo;apprentissage avec un esprit mobile M\u00e9canique des jeux et th\u00e9orie de l&rsquo;apprentissage Jeux mobiles bas\u00e9s sur la localisation pour l&rsquo;apprentissage et la prise de d\u00e9cision Apprentissage bas\u00e9 sur la localisation : Le contexte est mobile ;<\/p>\n","protected":false},"author":1,"featured_media":0,"parent":0,"menu_order":0,"comment_status":"closed","ping_status":"closed","template":"","meta":{"site-sidebar-layout":"default","site-content-layout":"","ast-site-content-layout":"","site-content-style":"default","site-sidebar-style":"default","ast-global-header-display":"","ast-banner-title-visibility":"","ast-main-header-display":"","ast-hfb-above-header-display":"","ast-hfb-below-header-display":"","ast-hfb-mobile-header-display":"","site-post-title":"","ast-breadcrumbs-content":"","ast-featured-img":"","footer-sml-layout":"","theme-transparent-header-meta":"","adv-header-id-meta":"","stick-header-meta":"","header-above-stick-meta":"","header-main-stick-meta":"","header-below-stick-meta":"","astra-migrate-meta-layouts":"default","ast-page-background-enabled":"default","ast-page-background-meta":{"desktop":{"background-color":"","background-image":"","background-repeat":"repeat","background-position":"center center","background-size":"auto","background-attachment":"scroll","background-type":"","background-media":"","overlay-type":"","overlay-color":"","overlay-opacity":"","overlay-gradient":""},"tablet":{"background-color":"","background-image":"","background-repeat":"repeat","background-position":"center center","background-size":"auto","background-attachment":"scroll","background-type":"","background-media":"","overlay-type":"","overlay-color":"","overlay-opacity":"","overlay-gradient":""},"mobile":{"background-color":"","background-image":"","background-repeat":"repeat","background-position":"center center","background-size":"auto","background-attachment":"scroll","background-type":"","background-media":"","overlay-type":"","overlay-color":"","overlay-opacity":"","overlay-gradient":""}},"ast-content-background-meta":{"desktop":{"background-color":"var(--ast-global-color-5)","background-image":"","background-repeat":"repeat","background-position":"center center","background-size":"auto","background-attachment":"scroll","background-type":"","background-media":"","overlay-type":"","overlay-color":"","overlay-opacity":"","overlay-gradient":""},"tablet":{"background-color":"var(--ast-global-color-5)","background-image":"","background-repeat":"repeat","background-position":"center center","background-size":"auto","background-attachment":"scroll","background-type":"","background-media":"","overlay-type":"","overlay-color":"","overlay-opacity":"","overlay-gradient":""},"mobile":{"background-color":"var(--ast-global-color-5)","background-image":"","background-repeat":"repeat","background-position":"center center","background-size":"auto","background-attachment":"scroll","background-type":"","background-media":"","overlay-type":"","overlay-color":"","overlay-opacity":"","overlay-gradient":""}},"footnotes":""},"class_list":["post-322","page","type-page","status-publish","hentry"],"yoast_head":"<!-- This site is optimized with the Yoast SEO plugin v27.4 - https:\/\/yoast.com\/product\/yoast-seo-wordpress\/ -->\n<title>Ressources pour les \u00e9tudiants ; -<\/title>\n<meta name=\"robots\" content=\"index, follow, max-snippet:-1, max-image-preview:large, max-video-preview:-1\" \/>\n<link rel=\"canonical\" href=\"https:\/\/mobile2011.org\/fr\/ressources-pour-les-etudiants\/\" \/>\n<meta property=\"og:locale\" content=\"fr_FR\" \/>\n<meta property=\"og:type\" content=\"article\" \/>\n<meta property=\"og:title\" content=\"Ressources pour les \u00e9tudiants ; -\" \/>\n<meta property=\"og:description\" content=\"Liens utiles Fondation nationale pour la recherche en \u00e9ducation Des solutions d&rsquo;apprentissage avec un esprit mobile M\u00e9canique des jeux et th\u00e9orie de l&rsquo;apprentissage Jeux mobiles bas\u00e9s sur la localisation pour l&rsquo;apprentissage et la prise de d\u00e9cision Apprentissage bas\u00e9 sur la localisation : Le contexte est mobile ;\" \/>\n<meta property=\"og:url\" content=\"https:\/\/mobile2011.org\/fr\/ressources-pour-les-etudiants\/\" \/>\n<meta name=\"twitter:card\" content=\"summary_large_image\" \/>\n<script type=\"application\/ld+json\" class=\"yoast-schema-graph\">{\"@context\":\"https:\\\/\\\/schema.org\",\"@graph\":[{\"@type\":\"WebPage\",\"@id\":\"https:\\\/\\\/mobile2011.org\\\/fr\\\/ressources-pour-les-etudiants\\\/\",\"url\":\"https:\\\/\\\/mobile2011.org\\\/fr\\\/ressources-pour-les-etudiants\\\/\",\"name\":\"Ressources pour les \u00e9tudiants ; -\",\"isPartOf\":{\"@id\":\"https:\\\/\\\/mobile2011.org\\\/fr\\\/#website\"},\"datePublished\":\"2016-08-31T16:15:09+00:00\",\"breadcrumb\":{\"@id\":\"https:\\\/\\\/mobile2011.org\\\/fr\\\/ressources-pour-les-etudiants\\\/#breadcrumb\"},\"inLanguage\":\"fr-FR\",\"potentialAction\":[{\"@type\":\"ReadAction\",\"target\":[\"https:\\\/\\\/mobile2011.org\\\/fr\\\/ressources-pour-les-etudiants\\\/\"]}]},{\"@type\":\"BreadcrumbList\",\"@id\":\"https:\\\/\\\/mobile2011.org\\\/fr\\\/ressources-pour-les-etudiants\\\/#breadcrumb\",\"itemListElement\":[{\"@type\":\"ListItem\",\"position\":1,\"name\":\"Home\",\"item\":\"https:\\\/\\\/mobile2011.org\\\/fr\\\/\"},{\"@type\":\"ListItem\",\"position\":2,\"name\":\"Ressources pour les \u00e9tudiants ;\"}]},{\"@type\":\"WebSite\",\"@id\":\"https:\\\/\\\/mobile2011.org\\\/fr\\\/#website\",\"url\":\"https:\\\/\\\/mobile2011.org\\\/fr\\\/\",\"name\":\"\",\"description\":\"\",\"potentialAction\":[{\"@type\":\"SearchAction\",\"target\":{\"@type\":\"EntryPoint\",\"urlTemplate\":\"https:\\\/\\\/mobile2011.org\\\/fr\\\/?s={search_term_string}\"},\"query-input\":{\"@type\":\"PropertyValueSpecification\",\"valueRequired\":true,\"valueName\":\"search_term_string\"}}],\"inLanguage\":\"fr-FR\"}]}<\/script>\n<!-- \/ Yoast SEO plugin. -->","yoast_head_json":{"title":"Ressources pour les \u00e9tudiants ; -","robots":{"index":"index","follow":"follow","max-snippet":"max-snippet:-1","max-image-preview":"max-image-preview:large","max-video-preview":"max-video-preview:-1"},"canonical":"https:\/\/mobile2011.org\/fr\/ressources-pour-les-etudiants\/","og_locale":"fr_FR","og_type":"article","og_title":"Ressources pour les \u00e9tudiants ; -","og_description":"Liens utiles Fondation nationale pour la recherche en \u00e9ducation Des solutions d&rsquo;apprentissage avec un esprit mobile M\u00e9canique des jeux et th\u00e9orie de l&rsquo;apprentissage Jeux mobiles bas\u00e9s sur la localisation pour l&rsquo;apprentissage et la prise de d\u00e9cision Apprentissage bas\u00e9 sur la localisation : Le contexte est mobile ;","og_url":"https:\/\/mobile2011.org\/fr\/ressources-pour-les-etudiants\/","twitter_card":"summary_large_image","schema":{"@context":"https:\/\/schema.org","@graph":[{"@type":"WebPage","@id":"https:\/\/mobile2011.org\/fr\/ressources-pour-les-etudiants\/","url":"https:\/\/mobile2011.org\/fr\/ressources-pour-les-etudiants\/","name":"Ressources pour les \u00e9tudiants ; -","isPartOf":{"@id":"https:\/\/mobile2011.org\/fr\/#website"},"datePublished":"2016-08-31T16:15:09+00:00","breadcrumb":{"@id":"https:\/\/mobile2011.org\/fr\/ressources-pour-les-etudiants\/#breadcrumb"},"inLanguage":"fr-FR","potentialAction":[{"@type":"ReadAction","target":["https:\/\/mobile2011.org\/fr\/ressources-pour-les-etudiants\/"]}]},{"@type":"BreadcrumbList","@id":"https:\/\/mobile2011.org\/fr\/ressources-pour-les-etudiants\/#breadcrumb","itemListElement":[{"@type":"ListItem","position":1,"name":"Home","item":"https:\/\/mobile2011.org\/fr\/"},{"@type":"ListItem","position":2,"name":"Ressources pour les \u00e9tudiants ;"}]},{"@type":"WebSite","@id":"https:\/\/mobile2011.org\/fr\/#website","url":"https:\/\/mobile2011.org\/fr\/","name":"","description":"","potentialAction":[{"@type":"SearchAction","target":{"@type":"EntryPoint","urlTemplate":"https:\/\/mobile2011.org\/fr\/?s={search_term_string}"},"query-input":{"@type":"PropertyValueSpecification","valueRequired":true,"valueName":"search_term_string"}}],"inLanguage":"fr-FR"}]}},"_links":{"self":[{"href":"https:\/\/mobile2011.org\/fr\/wp-json\/wp\/v2\/pages\/322","targetHints":{"allow":["GET"]}}],"collection":[{"href":"https:\/\/mobile2011.org\/fr\/wp-json\/wp\/v2\/pages"}],"about":[{"href":"https:\/\/mobile2011.org\/fr\/wp-json\/wp\/v2\/types\/page"}],"author":[{"embeddable":true,"href":"https:\/\/mobile2011.org\/fr\/wp-json\/wp\/v2\/users\/1"}],"replies":[{"embeddable":true,"href":"https:\/\/mobile2011.org\/fr\/wp-json\/wp\/v2\/comments?post=322"}],"version-history":[{"count":0,"href":"https:\/\/mobile2011.org\/fr\/wp-json\/wp\/v2\/pages\/322\/revisions"}],"wp:attachment":[{"href":"https:\/\/mobile2011.org\/fr\/wp-json\/wp\/v2\/media?parent=322"}],"curies":[{"name":"wp","href":"https:\/\/api.w.org\/{rel}","templated":true}]}}